{"id":27790,"date":"2019-10-04T13:48:45","date_gmt":"2019-10-04T17:48:45","guid":{"rendered":"http:\/\/dermeb2b.wpengine.com\/produits-services\/spa-med-accessories\/"},"modified":"2022-03-15T12:30:14","modified_gmt":"2022-03-15T16:30:14","slug":"spa-med-accessories","status":"publish","type":"page","link":"https:\/\/dermeco.com\/fr\/produits-services\/spa-med-accessories\/","title":{"rendered":"Spa\/Med Accessories"},"content":{"rendered":"\n  <div class=\"banner has-hover is-full-height has-parallax\" id=\"banner-936778946\">\n          <div class=\"banner-inner fill\">\n        <div class=\"banner-bg fill\" data-parallax=\"-5\" data-parallax-container=\".banner\" data-parallax-background>\n            <img loading=\"lazy\" decoding=\"async\" width=\"1920\" height=\"1084\" src=\"https:\/\/dermeco.com\/wp-content\/uploads\/2019\/10\/acc-banner.jpg\" class=\"bg attachment-original size-original\" alt=\"\" \/>                                    \n                    <\/div>\n\t\t\n        <div class=\"banner-layers container\">\n            <div class=\"fill banner-link\"><\/div>            \n   <div id=\"text-box-1599581936\" class=\"text-box banner-layer x50 md-x10 lg-x10 y50 md-y50 lg-y50 res-text\">\n                                <div class=\"text-box-content text \">\n              \n              <div class=\"text-inner text-left\">\n                  \n\t<div class=\"img has-hover x md-x lg-x y md-y lg-y\" id=\"image_1756722616\">\n\t\t\t\t\t\t\t\t<div class=\"img-inner dark\" >\n\t\t\t<img loading=\"lazy\" decoding=\"async\" width=\"324\" height=\"86\" src=\"https:\/\/dermeco.com\/wp-content\/uploads\/2019\/08\/logo.png\" class=\"attachment-large size-large\" alt=\"Derme&amp;Co.\" srcset=\"https:\/\/dermeco.com\/wp-content\/uploads\/2019\/08\/logo.png 324w, https:\/\/dermeco.com\/wp-content\/uploads\/2019\/08\/logo-300x80.png 300w\" sizes=\"auto, (max-width: 324px) 100vw, 324px\" \/>\t\t\t\t\t\t\n\t\t\t\t\t<\/div>\n\t\t\t\t\t\t\t\t\n<style>\n#image_1756722616 {\n  width: 65%;\n}\n@media (min-width:550px) {\n  #image_1756722616 {\n    width: 48%;\n  }\n}\n<\/style>\n\t<\/div>\n\t\n<p>Que vous soyez tout juste dipl\u00f4m\u00e9(e) ou expert de l&rsquo;industrie, Derme&amp;Co. vous \u00e9quipe enti\u00e8rement des meilleurs accessoires de beaut\u00e9 que l&rsquo;industrie peut offrir.<\/p>\n              <\/div>\n           <\/div>\n                            \n<style>\n#text-box-1599581936 {\n  width: 59%;\n}\n#text-box-1599581936 .text-box-content {\n  font-size: 100%;\n}\n@media (min-width:550px) {\n  #text-box-1599581936 {\n    width: 50%;\n  }\n}\n<\/style>\n    <\/div>\n \n        <\/div>\n      <\/div>\n\n            \n<style>\n#banner-936778946 {\n  padding-top: 490px;\n}\n@media (min-width:550px) {\n  #banner-936778946 {\n    padding-top: 100%;\n  }\n}\n<\/style>\n  <\/div>\n\n\n\n\t<section class=\"section\" id=\"section_1345817635\">\n\t\t<div class=\"section-bg fill\" >\n\t\t\t\t\t\t\t\t\t<div class=\"loading-spin centered\"><\/div>\n\t\t\t\n\n\t\t<\/div>\n\n\t\t\n\n\t\t<div class=\"section-content relative\">\n\t\t\t\n\t<div id=\"gap-132624640\" class=\"gap-element clearfix\" style=\"display:block; height:auto;\">\n\t\t\n<style>\n#gap-132624640 {\n  padding-top: 40px;\n}\n<\/style>\n\t<\/div>\n\t\n<div class=\"row align-center\"  id=\"row-859118715\">\n\n\t<div id=\"col-645005783\" class=\"col medium-7 small-10 large-7\"  >\n\t\t\t\t<div class=\"col-inner text-center\"  >\n\t\t\t\n\t\t\t\n<h2>Pour Tous Vos Besoins pour Spa et MedSpa<\/h2>\n<p>Paraffine, teinture de cils, gants en latex, gaze ou masques de proc\u00e9dure\u2026 Nous disposons de tout ce dont vous avez besoin!<\/p>\n\t\t<\/div>\n\t\t\t\t\t<\/div>\n\n\t\n<\/div>\n  <div class=\"banner-grid-wrapper\">\n  <div id=\"banner-grid-1404527136\" class=\"banner-grid row row-grid row-small\" data-packery-options=\"\">\n                      \n<div class=\"col grid-col small-12 large-4 grid-col-1\" ><div class=\"col-inner\">\n\n  <div class=\"banner has-hover\" id=\"banner-1789651604\">\n          <div class=\"banner-inner fill\">\n        <div class=\"banner-bg fill\" >\n            <img loading=\"lazy\" decoding=\"async\" width=\"335\" height=\"580\" src=\"https:\/\/dermeco.com\/wp-content\/uploads\/2019\/10\/access-grid-02-01.jpg\" class=\"bg attachment-original size-original\" alt=\"\" \/>                                    \n                    <\/div>\n\t\t\n        <div class=\"banner-layers container\">\n            <div class=\"fill banner-link\"><\/div>            \n        <\/div>\n      <\/div>\n\n            \n<style>\n#banner-1789651604 {\n  padding-top: 500px;\n}\n#banner-1789651604 .banner-bg img {\n  object-position: 87% 3%;\n}\n<\/style>\n  <\/div>\n\n\n<\/div><\/div>\n<div class=\"col grid-col small-14 large-4 grid-col-1-2\" ><div class=\"col-inner\">\n\n  <div class=\"banner has-hover\" id=\"banner-1168436906\">\n          <div class=\"banner-inner fill\">\n        <div class=\"banner-bg fill\" >\n            <img loading=\"lazy\" decoding=\"async\" width=\"335\" height=\"280\" src=\"https:\/\/dermeco.com\/wp-content\/uploads\/2019\/10\/access-grid-02-02.jpg\" class=\"bg attachment-original size-original\" alt=\"\" \/>                                    \n                    <\/div>\n\t\t\n        <div class=\"banner-layers container\">\n            <div class=\"fill banner-link\"><\/div>            \n        <\/div>\n      <\/div>\n\n            \n<style>\n#banner-1168436906 {\n  padding-top: 500px;\n}\n<\/style>\n  <\/div>\n\n\n<\/div><\/div>\n<div class=\"col grid-col small-12 large-4 grid-col-1\" ><div class=\"col-inner\">\n\n  <div class=\"banner has-hover\" id=\"banner-1225457689\">\n          <div class=\"banner-inner fill\">\n        <div class=\"banner-bg fill\" >\n            <img loading=\"lazy\" decoding=\"async\" width=\"335\" height=\"580\" src=\"https:\/\/dermeco.com\/wp-content\/uploads\/2019\/10\/access-grid-02-03.jpg\" class=\"bg attachment-original size-original\" alt=\"\" \/>                                    \n                    <\/div>\n\t\t\n        <div class=\"banner-layers container\">\n            <div class=\"fill banner-link\"><\/div>            \n        <\/div>\n      <\/div>\n\n            \n<style>\n#banner-1225457689 {\n  padding-top: 500px;\n}\n<\/style>\n  <\/div>\n\n\n<\/div><\/div>\n<div class=\"col grid-col small-12 large-4 grid-col-2-3\" ><div class=\"col-inner\">\n\n  <div class=\"banner has-hover\" id=\"banner-2022802539\">\n          <div class=\"banner-inner fill\">\n        <div class=\"banner-bg fill\" >\n            <img loading=\"lazy\" decoding=\"async\" width=\"335\" height=\"380\" src=\"https:\/\/dermeco.com\/wp-content\/uploads\/2019\/10\/access-grid-02-04.jpg\" class=\"bg attachment-original size-original\" alt=\"\" \/>                                    \n                    <\/div>\n\t\t\n        <div class=\"banner-layers container\">\n            <div class=\"fill banner-link\"><\/div>            \n        <\/div>\n      <\/div>\n\n            \n<style>\n#banner-2022802539 {\n  padding-top: 500px;\n}\n#banner-2022802539 .banner-bg img {\n  object-position: 37% 0%;\n}\n<\/style>\n  <\/div>\n\n\n<\/div><\/div>\n            <\/div>\n    <style>\n    #banner-grid-1404527136 .grid-col-1{height: 600px}\n    #banner-grid-1404527136 .grid-col-1-2{height: 300px}\n    #banner-grid-1404527136 .grid-col-1-3{height:200px}\n    #banner-grid-1404527136 .grid-col-2-3{height: 400px}\n    #banner-grid-1404527136 .grid-col-1-4{height: 150px}\n    #banner-grid-1404527136 .grid-col-3-4{height: 450px}\n\n\n    \n    \n\n  <\/style>\n    <\/div>\n  \n\t\t<\/div>\n\n\t\t\n<style>\n#section_1345817635 {\n  padding-top: 20px;\n  padding-bottom: 20px;\n}\n@media (min-width:550px) {\n  #section_1345817635 {\n    padding-top: 90px;\n    padding-bottom: 90px;\n  }\n}\n<\/style>\n\t<\/section>\n\t\n\n  <div class=\"banner has-hover\" id=\"banner-2047839828\">\n          <div class=\"banner-inner fill\">\n        <div class=\"banner-bg fill\" >\n                                                \n                    <\/div>\n\t\t\n        <div class=\"banner-layers container\">\n            <div class=\"fill banner-link\"><\/div>            \n   <div id=\"text-box-1169790301\" class=\"text-box banner-layer x50 md-x50 lg-x50 y50 md-y50 lg-y50 res-text\">\n                                <div class=\"text-box-content text dark\">\n              \n              <div class=\"text-inner text-center\">\n                  \n<h2>Engag\u00e9s \u00e0 R\u00e9pondre \u00e0 Vos Besoins<\/h2>\n<p>Nous proposons une vaste gamme d&rsquo;accessoires afin de vous soutenir dans vos op\u00e9rations quotidiennes.<\/p>\n              <\/div>\n           <\/div>\n                            \n<style>\n#text-box-1169790301 {\n  width: 60%;\n}\n#text-box-1169790301 .text-box-content {\n  font-size: 100%;\n}\n<\/style>\n    <\/div>\n \n        <\/div>\n      <\/div>\n\n            \n<style>\n#banner-2047839828 {\n  padding-top: 470px;\n  background-color: rgb(170, 180, 187);\n}\n<\/style>\n  <\/div>\n\n\n\n  <div class=\"banner has-hover has-parallax\" id=\"banner-399696332\">\n          <div class=\"banner-inner fill\">\n        <div class=\"banner-bg fill\" data-parallax=\"-3\" data-parallax-container=\".banner\" data-parallax-background>\n            <img loading=\"lazy\" decoding=\"async\" width=\"1902\" height=\"876\" src=\"https:\/\/dermeco.com\/wp-content\/uploads\/2019\/10\/acc-bottom-banner.jpg\" class=\"bg attachment-original size-original\" alt=\"\" \/>                                    \n                    <\/div>\n\t\t\n        <div class=\"banner-layers container\">\n            <div class=\"fill banner-link\"><\/div>            \n        <\/div>\n      <\/div>\n\n            \n<style>\n#banner-399696332 {\n  padding-top: 470px;\n}\n#banner-399696332 .banner-bg img {\n  object-position: 45% 47%;\n}\n<\/style>\n  <\/div>\n\n\n\n\t<section class=\"section\" id=\"section_638506914\">\n\t\t<div class=\"section-bg fill\" >\n\t\t\t\t\t\t\t\t\t<div class=\"loading-spin centered\"><\/div>\n\t\t\t\n\n\t\t<\/div>\n\n\t\t\n\n\t\t<div class=\"section-content relative\">\n\t\t\t\n\t<div id=\"gap-253915859\" class=\"gap-element clearfix\" style=\"display:block; height:auto;\">\n\t\t\n<style>\n#gap-253915859 {\n  padding-top: 40px;\n}\n<\/style>\n\t<\/div>\n\t\n<div class=\"row align-center\"  id=\"row-830472739\">\n\n\t<div id=\"col-217888356\" class=\"col medium-7 small-12 large-7\"  >\n\t\t\t\t<div class=\"col-inner text-center\"  >\n\t\t\t\n\t\t\t\n<h2>Pratique et Accessible<\/h2>\n<p>En tant que fournisseur privil\u00e9gi\u00e9 de produits et d&rsquo;\u00e9quipements professionnels de beaut\u00e9, d&rsquo;esth\u00e9tique et de spa, nous proposons une vari\u00e9t\u00e9 d&rsquo;accessoires haut de gamme en un seul endroit!<\/p>\n\t\t<\/div>\n\t\t\t\t\t<\/div>\n\n\t\n<\/div>\n  <div class=\"banner-grid-wrapper\">\n  <div id=\"banner-grid-726047788\" class=\"banner-grid row row-grid row-small\" data-packery-options=\"\">\n                      \n<div class=\"col grid-col small-12 large-4 grid-col-1\" ><div class=\"col-inner\">\n\n  <div class=\"banner has-hover\" id=\"banner-1296790791\">\n          <div class=\"banner-inner fill\">\n        <div class=\"banner-bg fill\" >\n            <img loading=\"lazy\" decoding=\"async\" width=\"335\" height=\"580\" src=\"https:\/\/dermeco.com\/wp-content\/uploads\/2019\/10\/access-grid-01-01.jpg\" class=\"bg attachment-original size-original\" alt=\"\" \/>                                    \n                    <\/div>\n\t\t\n        <div class=\"banner-layers container\">\n            <div class=\"fill banner-link\"><\/div>            \n        <\/div>\n      <\/div>\n\n            \n<style>\n#banner-1296790791 {\n  padding-top: 500px;\n}\n<\/style>\n  <\/div>\n\n\n<\/div><\/div>\n<div class=\"col grid-col small-12 large-4 grid-col-1-2\" ><div class=\"col-inner\">\n\n  <div class=\"banner has-hover\" id=\"banner-1783915120\">\n          <div class=\"banner-inner fill\">\n        <div class=\"banner-bg fill\" >\n            <img loading=\"lazy\" decoding=\"async\" width=\"335\" height=\"280\" src=\"https:\/\/dermeco.com\/wp-content\/uploads\/2019\/10\/access-grid-01-02.jpg\" class=\"bg attachment-original size-original\" alt=\"\" \/>                                    \n                    <\/div>\n\t\t\n        <div class=\"banner-layers container\">\n            <div class=\"fill banner-link\"><\/div>            \n        <\/div>\n      <\/div>\n\n            \n<style>\n#banner-1783915120 {\n  padding-top: 500px;\n}\n<\/style>\n  <\/div>\n\n\n<\/div><\/div>\n<div class=\"col grid-col small-12 large-4 grid-col-1\" ><div class=\"col-inner\">\n\n  <div class=\"banner has-hover\" id=\"banner-906712746\">\n          <div class=\"banner-inner fill\">\n        <div class=\"banner-bg fill\" >\n            <img loading=\"lazy\" decoding=\"async\" width=\"335\" height=\"580\" src=\"https:\/\/dermeco.com\/wp-content\/uploads\/2019\/10\/access-grid-01-03.jpg\" class=\"bg attachment-original size-original\" alt=\"\" \/>                                    \n                    <\/div>\n\t\t\n        <div class=\"banner-layers container\">\n            <div class=\"fill banner-link\"><\/div>            \n        <\/div>\n      <\/div>\n\n            \n<style>\n#banner-906712746 {\n  padding-top: 500px;\n}\n<\/style>\n  <\/div>\n\n\n<\/div><\/div>\n<div class=\"col grid-col small-13 large-4 grid-col-2-3\" ><div class=\"col-inner\">\n\n  <div class=\"banner has-hover\" id=\"banner-84684450\">\n          <div class=\"banner-inner fill\">\n        <div class=\"banner-bg fill\" >\n            <img loading=\"lazy\" decoding=\"async\" width=\"335\" height=\"380\" src=\"https:\/\/dermeco.com\/wp-content\/uploads\/2019\/10\/access-grid-01-04.jpg\" class=\"bg attachment-original size-original\" alt=\"\" \/>                                    \n                    <\/div>\n\t\t\n        <div class=\"banner-layers container\">\n            <div class=\"fill banner-link\"><\/div>            \n        <\/div>\n      <\/div>\n\n            \n<style>\n#banner-84684450 {\n  padding-top: 500px;\n}\n#banner-84684450 .banner-bg img {\n  object-position: 37% 0%;\n}\n<\/style>\n  <\/div>\n\n\n<\/div><\/div>\n            <\/div>\n    <style>\n    #banner-grid-726047788 .grid-col-1{height: 600px}\n    #banner-grid-726047788 .grid-col-1-2{height: 300px}\n    #banner-grid-726047788 .grid-col-1-3{height:200px}\n    #banner-grid-726047788 .grid-col-2-3{height: 400px}\n    #banner-grid-726047788 .grid-col-1-4{height: 150px}\n    #banner-grid-726047788 .grid-col-3-4{height: 450px}\n\n\n    \n    \n\n  <\/style>\n    <\/div>\n  \n\t\t<\/div>\n\n\t\t\n<style>\n#section_638506914 {\n  padding-top: 90px;\n  padding-bottom: 90px;\n}\n<\/style>\n\t<\/section>\n\t\n\n  <div class=\"banner has-hover\" id=\"banner-235092606\">\n          <div class=\"banner-inner fill\">\n        <div class=\"banner-bg fill\" >\n                                                \n                    <\/div>\n\t\t\n        <div class=\"banner-layers container\">\n            <div class=\"fill banner-link\"><\/div>            \n   <div id=\"text-box-1752644722\" class=\"text-box banner-layer x50 md-x50 lg-x50 y50 md-y50 lg-y50 res-text\">\n                                <div class=\"text-box-content text dark\">\n              \n              <div class=\"text-inner text-center\">\n                  \n\t<div id=\"gap-1486622459\" class=\"gap-element clearfix\" style=\"display:block; height:auto;\">\n\t\t\n<style>\n#gap-1486622459 {\n  padding-top: 30px;\n}\n<\/style>\n\t<\/div>\n\t\n<h3 class=\"uppercase\"><strong>Restez Inform\u00e9(e)<\/strong><\/h3>\n<p>Inscrivez-vous pour recevoir nos<strong>infolettres de nos accessoires Spa\/MedSpa <\/strong> et restez inform\u00e9(e) de nos nouveaux produits, de nos promotions et plus encore!<\/p>\n<script>(function() {\n\twindow.mc4wp = window.mc4wp || {\n\t\tlisteners: [],\n\t\tforms: {\n\t\t\ton: function(evt, cb) {\n\t\t\t\twindow.mc4wp.listeners.push(\n\t\t\t\t\t{\n\t\t\t\t\t\tevent   : evt,\n\t\t\t\t\t\tcallback: cb\n\t\t\t\t\t}\n\t\t\t\t);\n\t\t\t}\n\t\t}\n\t}\n})();\n<\/script><!-- Mailchimp for WordPress v4.12.1 - https:\/\/wordpress.org\/plugins\/mailchimp-for-wp\/ --><form id=\"mc4wp-form-1\" class=\"mc4wp-form mc4wp-form-29357 mc4wp-form-styles-builder mc4wp-ajax\" method=\"post\" data-id=\"29357\" data-name=\"Newsletter Main - FR\" ><div class=\"mc4wp-form-fields\"><div class=\"form-flat\">\r\n\t<input type=\"email\" name=\"email\" placeholder=\"E-Mail*\" required \/>\t\r\n    <input class\"button primary\" type=\"submit\" value=\"Inscrivez-vous\" \/>\r\n<\/div><\/div><label style=\"display: none !important;\">Laissez ce champ vide si vous \u00eates humain\u00a0: <input type=\"text\" name=\"_mc4wp_honeypot\" value=\"\" tabindex=\"-1\" autocomplete=\"off\" \/><\/label><input type=\"hidden\" name=\"_mc4wp_timestamp\" value=\"1776171488\" \/><input type=\"hidden\" name=\"_mc4wp_form_id\" value=\"29357\" \/><input type=\"hidden\" name=\"_mc4wp_form_element_id\" value=\"mc4wp-form-1\" \/><div class=\"mc4wp-response\"><\/div><\/form><!-- \/ Mailchimp for WordPress Plugin -->\n              <\/div>\n           <\/div>\n                            \n<style>\n#text-box-1752644722 {\n  width: 71%;\n}\n#text-box-1752644722 .text-box-content {\n  font-size: 100%;\n}\n@media (min-width:550px) {\n  #text-box-1752644722 {\n    width: 60%;\n  }\n}\n<\/style>\n    <\/div>\n \n        <\/div>\n      <\/div>\n\n            \n<style>\n#banner-235092606 {\n  padding-top: 280px;\n  background-color: rgb(133, 143, 149);\n}\n@media (min-width:550px) {\n  #banner-235092606 {\n    padding-top: 20%;\n  }\n}\n<\/style>\n  <\/div>\n\n\n","protected":false},"excerpt":{"rendered":"","protected":false},"author":2,"featured_media":0,"parent":27789,"menu_order":0,"comment_status":"closed","ping_status":"closed","template":"page-blank.php","meta":{"footnotes":""},"class_list":["post-27790","page","type-page","status-publish","hentry"],"yoast_head":"<!-- This site is optimized with the Yoast SEO plugin v27.3 - https:\/\/yoast.com\/product\/yoast-seo-wordpress\/ -->\n<title>Spa\/Med Accessories | Derme&amp;Co.<\/title>\n<meta name=\"description\" content=\"Que vous soyez tout juste dipl\u00f4m\u00e9(e) ou expert de l\u2019industrie, Derme&amp;Co. vous \u00e9quipe enti\u00e8rement des meilleurs accessoires de beaut\u00e9 que l\u2019industrie peut offrir.\" \/>\n<meta name=\"robots\" content=\"index, follow, max-snippet:-1, max-image-preview:large, max-video-preview:-1\" \/>\n<link rel=\"canonical\" href=\"https:\/\/dermeco.com\/fr\/produits-services\/spa-med-accessories\/\" \/>\n<meta property=\"og:locale\" content=\"fr_FR\" \/>\n<meta property=\"og:type\" content=\"article\" \/>\n<meta property=\"og:title\" content=\"Spa\/Med Accessories | Derme&amp;Co.\" \/>\n<meta property=\"og:description\" content=\"Que vous soyez tout juste dipl\u00f4m\u00e9(e) ou expert de l\u2019industrie, Derme&amp;Co. vous \u00e9quipe enti\u00e8rement des meilleurs accessoires de beaut\u00e9 que l\u2019industrie peut offrir.\" \/>\n<meta property=\"og:url\" content=\"https:\/\/dermeco.com\/fr\/produits-services\/spa-med-accessories\/\" \/>\n<meta property=\"og:site_name\" content=\"Derme&amp;Co.\" \/>\n<meta property=\"article:publisher\" content=\"https:\/\/www.facebook.com\/dermeco\/\" \/>\n<meta property=\"article:modified_time\" content=\"2022-03-15T16:30:14+00:00\" \/>\n<meta property=\"og:image\" content=\"https:\/\/dermeco.com\/wp-content\/uploads\/2019\/08\/icon.jpg\" \/>\n\t<meta property=\"og:image:width\" content=\"512\" \/>\n\t<meta property=\"og:image:height\" content=\"512\" \/>\n\t<meta property=\"og:image:type\" content=\"image\/jpeg\" \/>\n<meta name=\"twitter:card\" content=\"summary_large_image\" \/>\n<script type=\"application\/ld+json\" class=\"yoast-schema-graph\">{\"@context\":\"https:\\\/\\\/schema.org\",\"@graph\":[{\"@type\":\"WebPage\",\"@id\":\"https:\\\/\\\/dermeco.com\\\/fr\\\/produits-services\\\/spa-med-accessories\\\/\",\"url\":\"https:\\\/\\\/dermeco.com\\\/fr\\\/produits-services\\\/spa-med-accessories\\\/\",\"name\":\"Spa\\\/Med Accessories | Derme&amp;Co.\",\"isPartOf\":{\"@id\":\"https:\\\/\\\/dermeco.com\\\/fr\\\/#website\"},\"datePublished\":\"2019-10-04T17:48:45+00:00\",\"dateModified\":\"2022-03-15T16:30:14+00:00\",\"description\":\"Que vous soyez tout juste dipl\u00f4m\u00e9(e) ou expert de l\u2019industrie, Derme&Co. vous \u00e9quipe enti\u00e8rement des meilleurs accessoires de beaut\u00e9 que l\u2019industrie peut offrir.\",\"breadcrumb\":{\"@id\":\"https:\\\/\\\/dermeco.com\\\/fr\\\/produits-services\\\/spa-med-accessories\\\/#breadcrumb\"},\"inLanguage\":\"fr-FR\",\"potentialAction\":[{\"@type\":\"ReadAction\",\"target\":[\"https:\\\/\\\/dermeco.com\\\/fr\\\/produits-services\\\/spa-med-accessories\\\/\"]}]},{\"@type\":\"BreadcrumbList\",\"@id\":\"https:\\\/\\\/dermeco.com\\\/fr\\\/produits-services\\\/spa-med-accessories\\\/#breadcrumb\",\"itemListElement\":[{\"@type\":\"ListItem\",\"position\":1,\"name\":\"Home\",\"item\":\"https:\\\/\\\/dermeco.com\\\/fr\\\/\"},{\"@type\":\"ListItem\",\"position\":2,\"name\":\"Nos Produits et Services\",\"item\":\"https:\\\/\\\/dermeco.com\\\/fr\\\/produits-services\\\/\"},{\"@type\":\"ListItem\",\"position\":3,\"name\":\"Spa\\\/Med Accessories\"}]},{\"@type\":\"WebSite\",\"@id\":\"https:\\\/\\\/dermeco.com\\\/fr\\\/#website\",\"url\":\"https:\\\/\\\/dermeco.com\\\/fr\\\/\",\"name\":\"Derme&amp;Co.\",\"description\":\"Everything for your Spa and Medical Spa.\",\"publisher\":{\"@id\":\"https:\\\/\\\/dermeco.com\\\/fr\\\/#organization\"},\"alternateName\":\"Derme\",\"potentialAction\":[{\"@type\":\"SearchAction\",\"target\":{\"@type\":\"EntryPoint\",\"urlTemplate\":\"https:\\\/\\\/dermeco.com\\\/fr\\\/?s={search_term_string}\"},\"query-input\":{\"@type\":\"PropertyValueSpecification\",\"valueRequired\":true,\"valueName\":\"search_term_string\"}}],\"inLanguage\":\"fr-FR\"},{\"@type\":\"Organization\",\"@id\":\"https:\\\/\\\/dermeco.com\\\/fr\\\/#organization\",\"name\":\"Derme&Co.\",\"alternateName\":\"Derme and Company\",\"url\":\"https:\\\/\\\/dermeco.com\\\/fr\\\/\",\"logo\":{\"@type\":\"ImageObject\",\"inLanguage\":\"fr-FR\",\"@id\":\"https:\\\/\\\/dermeco.com\\\/fr\\\/#\\\/schema\\\/logo\\\/image\\\/\",\"url\":\"https:\\\/\\\/dermeco.com\\\/wp-content\\\/uploads\\\/2019\\\/08\\\/icon.jpg\",\"contentUrl\":\"https:\\\/\\\/dermeco.com\\\/wp-content\\\/uploads\\\/2019\\\/08\\\/icon.jpg\",\"width\":512,\"height\":512,\"caption\":\"Derme&Co.\"},\"image\":{\"@id\":\"https:\\\/\\\/dermeco.com\\\/fr\\\/#\\\/schema\\\/logo\\\/image\\\/\"},\"sameAs\":[\"https:\\\/\\\/www.facebook.com\\\/dermeco\\\/\",\"https:\\\/\\\/www.linkedin.com\\\/company\\\/dermeco\",\"https:\\\/\\\/www.youtube.com\\\/user\\\/derme8282\"]}]}<\/script>\n<!-- \/ Yoast SEO plugin. -->","yoast_head_json":{"title":"Spa\/Med Accessories | Derme&amp;Co.","description":"Que vous soyez tout juste dipl\u00f4m\u00e9(e) ou expert de l\u2019industrie, Derme&Co. vous \u00e9quipe enti\u00e8rement des meilleurs accessoires de beaut\u00e9 que l\u2019industrie peut offrir.","robots":{"index":"index","follow":"follow","max-snippet":"max-snippet:-1","max-image-preview":"max-image-preview:large","max-video-preview":"max-video-preview:-1"},"canonical":"https:\/\/dermeco.com\/fr\/produits-services\/spa-med-accessories\/","og_locale":"fr_FR","og_type":"article","og_title":"Spa\/Med Accessories | Derme&amp;Co.","og_description":"Que vous soyez tout juste dipl\u00f4m\u00e9(e) ou expert de l\u2019industrie, Derme&Co. vous \u00e9quipe enti\u00e8rement des meilleurs accessoires de beaut\u00e9 que l\u2019industrie peut offrir.","og_url":"https:\/\/dermeco.com\/fr\/produits-services\/spa-med-accessories\/","og_site_name":"Derme&amp;Co.","article_publisher":"https:\/\/www.facebook.com\/dermeco\/","article_modified_time":"2022-03-15T16:30:14+00:00","og_image":[{"width":512,"height":512,"url":"https:\/\/dermeco.com\/wp-content\/uploads\/2019\/08\/icon.jpg","type":"image\/jpeg"}],"twitter_card":"summary_large_image","schema":{"@context":"https:\/\/schema.org","@graph":[{"@type":"WebPage","@id":"https:\/\/dermeco.com\/fr\/produits-services\/spa-med-accessories\/","url":"https:\/\/dermeco.com\/fr\/produits-services\/spa-med-accessories\/","name":"Spa\/Med Accessories | Derme&amp;Co.","isPartOf":{"@id":"https:\/\/dermeco.com\/fr\/#website"},"datePublished":"2019-10-04T17:48:45+00:00","dateModified":"2022-03-15T16:30:14+00:00","description":"Que vous soyez tout juste dipl\u00f4m\u00e9(e) ou expert de l\u2019industrie, Derme&Co. vous \u00e9quipe enti\u00e8rement des meilleurs accessoires de beaut\u00e9 que l\u2019industrie peut offrir.","breadcrumb":{"@id":"https:\/\/dermeco.com\/fr\/produits-services\/spa-med-accessories\/#breadcrumb"},"inLanguage":"fr-FR","potentialAction":[{"@type":"ReadAction","target":["https:\/\/dermeco.com\/fr\/produits-services\/spa-med-accessories\/"]}]},{"@type":"BreadcrumbList","@id":"https:\/\/dermeco.com\/fr\/produits-services\/spa-med-accessories\/#breadcrumb","itemListElement":[{"@type":"ListItem","position":1,"name":"Home","item":"https:\/\/dermeco.com\/fr\/"},{"@type":"ListItem","position":2,"name":"Nos Produits et Services","item":"https:\/\/dermeco.com\/fr\/produits-services\/"},{"@type":"ListItem","position":3,"name":"Spa\/Med Accessories"}]},{"@type":"WebSite","@id":"https:\/\/dermeco.com\/fr\/#website","url":"https:\/\/dermeco.com\/fr\/","name":"Derme&amp;Co.","description":"Everything for your Spa and Medical Spa.","publisher":{"@id":"https:\/\/dermeco.com\/fr\/#organization"},"alternateName":"Derme","potentialAction":[{"@type":"SearchAction","target":{"@type":"EntryPoint","urlTemplate":"https:\/\/dermeco.com\/fr\/?s={search_term_string}"},"query-input":{"@type":"PropertyValueSpecification","valueRequired":true,"valueName":"search_term_string"}}],"inLanguage":"fr-FR"},{"@type":"Organization","@id":"https:\/\/dermeco.com\/fr\/#organization","name":"Derme&Co.","alternateName":"Derme and Company","url":"https:\/\/dermeco.com\/fr\/","logo":{"@type":"ImageObject","inLanguage":"fr-FR","@id":"https:\/\/dermeco.com\/fr\/#\/schema\/logo\/image\/","url":"https:\/\/dermeco.com\/wp-content\/uploads\/2019\/08\/icon.jpg","contentUrl":"https:\/\/dermeco.com\/wp-content\/uploads\/2019\/08\/icon.jpg","width":512,"height":512,"caption":"Derme&Co."},"image":{"@id":"https:\/\/dermeco.com\/fr\/#\/schema\/logo\/image\/"},"sameAs":["https:\/\/www.facebook.com\/dermeco\/","https:\/\/www.linkedin.com\/company\/dermeco","https:\/\/www.youtube.com\/user\/derme8282"]}]}},"_links":{"self":[{"href":"https:\/\/dermeco.com\/fr\/wp-json\/wp\/v2\/pages\/27790","targetHints":{"allow":["GET"]}}],"collection":[{"href":"https:\/\/dermeco.com\/fr\/wp-json\/wp\/v2\/pages"}],"about":[{"href":"https:\/\/dermeco.com\/fr\/wp-json\/wp\/v2\/types\/page"}],"author":[{"embeddable":true,"href":"https:\/\/dermeco.com\/fr\/wp-json\/wp\/v2\/users\/2"}],"replies":[{"embeddable":true,"href":"https:\/\/dermeco.com\/fr\/wp-json\/wp\/v2\/comments?post=27790"}],"version-history":[{"count":0,"href":"https:\/\/dermeco.com\/fr\/wp-json\/wp\/v2\/pages\/27790\/revisions"}],"up":[{"embeddable":true,"href":"https:\/\/dermeco.com\/fr\/wp-json\/wp\/v2\/pages\/27789"}],"wp:attachment":[{"href":"https:\/\/dermeco.com\/fr\/wp-json\/wp\/v2\/media?parent=27790"}],"curies":[{"name":"wp","href":"https:\/\/api.w.org\/{rel}","templated":true}]}}