{"id":29121,"date":"2022-01-19T13:55:25","date_gmt":"2022-01-19T18:55:25","guid":{"rendered":"https:\/\/dermeb2b.wpengine.com\/careers\/"},"modified":"2023-11-23T13:01:52","modified_gmt":"2023-11-23T18:01:52","slug":"carrieres","status":"publish","type":"page","link":"https:\/\/dermeco.com\/fr\/carrieres\/","title":{"rendered":"Carri\u00e8res"},"content":{"rendered":"\n\t<section class=\"section\" id=\"section_280324349\">\n\t\t<div class=\"section-bg fill\" >\n\t\t\t<img loading=\"lazy\" decoding=\"async\" width=\"1500\" height=\"1000\" src=\"https:\/\/dermeco.com\/wp-content\/uploads\/2022\/02\/careers.jpg\" class=\"bg attachment-original size-original\" alt=\"Careers\" \/>\t\t\t\t\t\t\n\t\t\t\n\n\t\t<\/div>\n\n\t\t\n\n\t\t<div class=\"section-content relative\">\n\t\t\t\n\t\t<\/div>\n\n\t\t\n<style>\n#section_280324349 {\n  padding-top: 30px;\n  padding-bottom: 30px;\n  min-height: 300px;\n}\n#section_280324349 .section-bg img {\n  object-position: 45% 36%;\n}\n@media (min-width:550px) {\n  #section_280324349 {\n    min-height: 400px;\n  }\n}\n@media (min-width:850px) {\n  #section_280324349 {\n    min-height: 500px;\n  }\n}\n<\/style>\n\t<\/section>\n\t\n\n\t<section class=\"section\" id=\"section_1740693289\">\n\t\t<div class=\"section-bg fill\" >\n\t\t\t\t\t\t\t\t\t\n\t\t\t\n\n\t\t<\/div>\n\n\t\t\n\n\t\t<div class=\"section-content relative\">\n\t\t\t\n<div class=\"row align-center\"  id=\"row-294091110\">\n\n\t<div id=\"col-2097882620\" class=\"col medium-12 small-12 large-6\"  >\n\t\t\t\t<div class=\"col-inner\"  >\n\t\t\t\n\t\t\t\n\t<div id=\"gap-1407237235\" class=\"gap-element clearfix\" style=\"display:block; height:auto;\">\n\t\t\n<style>\n#gap-1407237235 {\n  padding-top: 10px;\n}\n@media (min-width:550px) {\n  #gap-1407237235 {\n    padding-top: 20px;\n  }\n}\n@media (min-width:850px) {\n  #gap-1407237235 {\n    padding-top: 30px;\n  }\n}\n<\/style>\n\t<\/div>\n\t\n\t<div id=\"text-2309918755\" class=\"text\">\n\t\t\n<h1>Grandissez avec nous<\/h1>\n\t\t\n<style>\n#text-2309918755 {\n  font-size: 1.55rem;\n}\n<\/style>\n\t<\/div>\n\t\n<p class=\"lead\">Derme&amp;Co., c&rsquo;est un monde de possibilit\u00e9s de carri\u00e8res. C&rsquo;est un environnement de travail passionnant et challengeant qui vous permettra de vous d\u00e9velopper et d\u2019appliquer vos comp\u00e9tences.<\/p>\n<p>Nous recrutons en continu dans plusieurs domaines comme la vente, le marketing, la formation, la comptabilit\u00e9, les technologies informatiques, les sciences ainsi que des esth\u00e9ticiennes pour participer \u00e0 nos congr\u00e8s et \u00e9v\u00e9nements. <strong>Avons-nous mentionn\u00e9 que vous pouvez visiter diff\u00e9rentes villes \u00e0 travers l&rsquo;Am\u00e9rique du Nord ?<\/strong><\/p>\n<a href=\"#application-form\" class=\"button primary expand\" style=\"padding:0px 0px 0px 0px;\">\n\t\t<span>Appliquez d\u00e8s maintenant !<\/span>\n\t<\/a>\n\n\t\t<\/div>\n\t\t\t\t\n<style>\n#col-2097882620 > .col-inner {\n  padding: 0px 10% 0px 0px;\n}\n<\/style>\n\t<\/div>\n\n\t\n\n\t<div id=\"col-840069620\" class=\"col medium-12 small-12 large-6\"  >\n\t\t\t\t<div class=\"col-inner\" style=\"background-color:rgb(244, 244, 244);\" >\n\t\t\t\n\t<div class=\"is-border\"\n\t\tstyle=\"border-color:rgb(0, 69, 124);border-width:10px 0px 0px 0px;\">\n\t<\/div>\n\t\t\t\n\t<div id=\"text-1410912226\" class=\"text\">\n\t\t\n<h3>Pourquoi une carri\u00e8re chez Derme&amp;Co. ?<\/h3>\n\t\t\n<style>\n#text-1410912226 {\n  font-size: 1.25rem;\n}\n<\/style>\n\t<\/div>\n\t\n<ul>\n<li class=\"bullet-checkmark\">Vous r\u00eavez de d\u00e9couvrir de nouvelles villes ? Des avantages \u00e9tonnants pour les voyageurs ! <em>(*tous frais pay\u00e9s)<\/em><\/li>\n<li class=\"bullet-checkmark\">Difficile. Surprenant. Rythme rapide. D\u00e9termin\u00e9.<\/li>\n<li class=\"bullet-checkmark\">Un environnement de travail qui incite nos employ\u00e9s \u00e0 donner le meilleur d&rsquo;eux-m\u00eames.<\/li>\n<li class=\"bullet-checkmark\">Une culture ax\u00e9 sur l&rsquo;ouverture aux autres.<\/li>\n<li class=\"bullet-checkmark\">Un emploi qui grandit avec vous.<\/li>\n<li class=\"bullet-checkmark\">Faciliter les mouvements de personnel entre les services permet \u00e0 nos employ\u00e9s de devenir plus polyvalents.<\/li>\n<li class=\"bullet-checkmark\">Des emplois \u00e0 temps plein et \u00e0 temps partiel sont disponibles.<\/li>\n<li class=\"bullet-checkmark\">Des salaires comp\u00e9titifs.<\/li>\n<\/ul>\n\t\t<\/div>\n\t\t\t\t\n<style>\n#col-840069620 > .col-inner {\n  padding: 15% 10% 5% 10%;\n  margin: 0 0px 0px 0px;\n}\n@media (min-width:550px) {\n  #col-840069620 > .col-inner {\n    padding: 10% 10% 8% 10%;\n  }\n}\n@media (min-width:850px) {\n  #col-840069620 > .col-inner {\n    padding: 15% 15% 10% 15%;\n    margin: -172px 0px 0px 0px;\n  }\n}\n<\/style>\n\t<\/div>\n\n\t\n<\/div>\n\t\t<\/div>\n\n\t\t\n<style>\n#section_1740693289 {\n  padding-top: 30px;\n  padding-bottom: 30px;\n}\n<\/style>\n\t<\/section>\n\t\n\n\t<section class=\"section info-card-1\" id=\"section_146286338\">\n\t\t<div class=\"section-bg fill\" >\n\t\t\t\t\t\t\t\t\t\n\t\t\t\n\n\t\t<\/div>\n\n\t\t\n\n\t\t<div class=\"section-content relative\">\n\t\t\t\n<div class=\"row\"  id=\"row-1960421098\">\n\n\t<div id=\"col-565999919\" class=\"col small-12 large-12\"  >\n\t\t\t\t<div class=\"col-inner text-center\"  >\n\t\t\t\n\t\t\t\n<h2>Nos valeurs fondamentales<\/h2>\n\t\t<\/div>\n\t\t\t\t\n<style>\n#col-565999919 > .col-inner {\n  padding: 20px 0px 0px 0px;\n}\n<\/style>\n\t<\/div>\n\n\t\n<\/div>\n<div class=\"row row-small align-equal\"  id=\"row-1799156343\">\n\n\t<div id=\"col-281302046\" class=\"col medium-4 small-12 large-4\"  >\n\t\t\t\t<div class=\"col-inner\"  >\n\t\t\t\n\t\t\t\n\t<div class=\"box has-hover   has-hover box-push box-text-bottom\" >\n\n\t\t<div class=\"box-image\" >\n\t\t\t\t\t\t<div class=\"image-zoom image-cover\" style=\"padding-top:70%;\">\n\t\t\t\t<img loading=\"lazy\" decoding=\"async\" width=\"800\" height=\"604\" src=\"https:\/\/dermeco.com\/wp-content\/uploads\/2022\/02\/respect.jpg\" class=\"attachment- size-\" alt=\"Respect\" srcset=\"https:\/\/dermeco.com\/wp-content\/uploads\/2022\/02\/respect.jpg 800w, https:\/\/dermeco.com\/wp-content\/uploads\/2022\/02\/respect-600x453.jpg 600w, https:\/\/dermeco.com\/wp-content\/uploads\/2022\/02\/respect-300x227.jpg 300w, https:\/\/dermeco.com\/wp-content\/uploads\/2022\/02\/respect-768x580.jpg 768w, https:\/\/dermeco.com\/wp-content\/uploads\/2022\/02\/respect-510x385.jpg 510w\" sizes=\"auto, (max-width: 800px) 100vw, 800px\" \/>\t\t\t\t\t\t\t\t\t\t\t<\/div>\n\t\t\t\t\t<\/div>\n\n\t\t<div class=\"box-text text-center\" style=\"background-color:rgb(255, 255, 255);padding:20px 5% 20px 5%;\">\n\t\t\t<div class=\"box-text-inner\">\n\t\t\t\t\n<h4>Le respect<\/h4>\n<p>Nous agissons chaque jour avec int\u00e9grit\u00e9, respect et ouverture. Nous croyons que chaque personne devrait se sentir \u00e0 l&rsquo;aise de se pr\u00e9senter au travail en \u00e9tant fi\u00e8re de qui elle est.<\/p>\n\t\t\t<\/div>\n\t\t<\/div>\n\t<\/div>\n\t\n\t\t<\/div>\n\t\t\t\t\t<\/div>\n\n\t\n\n\t<div id=\"col-2127813422\" class=\"col medium-4 small-12 large-4\"  >\n\t\t\t\t<div class=\"col-inner\"  >\n\t\t\t\n\t\t\t\n\t<div class=\"box has-hover   has-hover box-push box-text-bottom\" >\n\n\t\t<div class=\"box-image\" >\n\t\t\t\t\t\t<div class=\"image-zoom image-cover\" style=\"padding-top:70%;\">\n\t\t\t\t<img loading=\"lazy\" decoding=\"async\" width=\"800\" height=\"604\" src=\"https:\/\/dermeco.com\/wp-content\/uploads\/2022\/02\/excellence.jpg\" class=\"attachment- size-\" alt=\"Excellence\" srcset=\"https:\/\/dermeco.com\/wp-content\/uploads\/2022\/02\/excellence.jpg 800w, https:\/\/dermeco.com\/wp-content\/uploads\/2022\/02\/excellence-600x453.jpg 600w, https:\/\/dermeco.com\/wp-content\/uploads\/2022\/02\/excellence-300x227.jpg 300w, https:\/\/dermeco.com\/wp-content\/uploads\/2022\/02\/excellence-768x580.jpg 768w, https:\/\/dermeco.com\/wp-content\/uploads\/2022\/02\/excellence-510x385.jpg 510w\" sizes=\"auto, (max-width: 800px) 100vw, 800px\" \/>\t\t\t\t\t\t\t\t\t\t\t<\/div>\n\t\t\t\t\t<\/div>\n\n\t\t<div class=\"box-text text-center\" style=\"background-color:rgb(255, 255, 255);padding:20px 5% 20px 5%;\">\n\t\t\t<div class=\"box-text-inner\">\n\t\t\t\t\n<h4>Excellence<\/h4>\n<p>Nous mettons un point d\u2019honneur \u00e0 offrir des produits et services de qualit\u00e9s. Pour constamment nous renouveler, nous mettons en avant la cr\u00e9ativit\u00e9 et valorisons les id\u00e9es.<\/p>\n\t\t\t<\/div>\n\t\t<\/div>\n\t<\/div>\n\t\n\t\t<\/div>\n\t\t\t\t\t<\/div>\n\n\t\n\n\t<div id=\"col-832678226\" class=\"col medium-4 small-12 large-4\"  >\n\t\t\t\t<div class=\"col-inner\"  >\n\t\t\t\n\t\t\t\n\t<div class=\"box has-hover   has-hover box-push box-text-bottom\" >\n\n\t\t<div class=\"box-image\" >\n\t\t\t\t\t\t<div class=\"image-zoom image-cover\" style=\"padding-top:70%;\">\n\t\t\t\t<img loading=\"lazy\" decoding=\"async\" width=\"800\" height=\"604\" src=\"https:\/\/dermeco.com\/wp-content\/uploads\/2022\/02\/work-together.jpg\" class=\"attachment- size-\" alt=\"Work Together\" srcset=\"https:\/\/dermeco.com\/wp-content\/uploads\/2022\/02\/work-together.jpg 800w, https:\/\/dermeco.com\/wp-content\/uploads\/2022\/02\/work-together-600x453.jpg 600w, https:\/\/dermeco.com\/wp-content\/uploads\/2022\/02\/work-together-300x227.jpg 300w, https:\/\/dermeco.com\/wp-content\/uploads\/2022\/02\/work-together-768x580.jpg 768w, https:\/\/dermeco.com\/wp-content\/uploads\/2022\/02\/work-together-510x385.jpg 510w\" sizes=\"auto, (max-width: 800px) 100vw, 800px\" \/>\t\t\t\t\t\t\t\t\t\t\t<\/div>\n\t\t\t\t\t<\/div>\n\n\t\t<div class=\"box-text text-center\" style=\"background-color:rgb(255, 255, 255);padding:20px 5% 20px 5%;\">\n\t\t\t<div class=\"box-text-inner\">\n\t\t\t\t\n<h4>Le travail d&rsquo;\u00e9quipe<\/h4>\n<p>Chez Derme&amp;Co. vous int\u00e9grerez une famille o\u00f9 la coop\u00e9ration et l\u2019entraide sont les pierres angulaires de notre succ\u00e8s.<\/p>\n\t\t\t<\/div>\n\t\t<\/div>\n\t<\/div>\n\t\n\t\t<\/div>\n\t\t\t\t\t<\/div>\n\n\t\n\n<style>\n#row-1799156343 > .col > .col-inner {\n  background-color: rgb(255,255,255);\n}\n<\/style>\n<\/div>\n\t\t<\/div>\n\n\t\t\n<style>\n#section_146286338 {\n  padding-top: 50px;\n  padding-bottom: 50px;\n  background-color: rgb(244, 244, 244);\n}\n<\/style>\n\t<\/section>\n\t\n\n\t<section class=\"section\" id=\"section_377193606\">\n\t\t<div class=\"section-bg fill\" >\n\t\t\t\t\t\t\t\t\t\n\t\t\t\n\n\t\t<\/div>\n\n\t\t\n\n\t\t<div class=\"section-content relative\">\n\t\t\t\n<span class=\"scroll-to\" data-label=\"Scroll to: #application-form\" data-bullet=\"false\" data-link=\"#application-form\" data-title=\"Application Form\"><a name=\"application-form\"><\/a><\/span>\n<div class=\"row align-center\"  id=\"row-1450704135\">\n\n\t<div id=\"col-1637781014\" class=\"col medium-11 small-12 large-12\"  >\n\t\t\t\t<div class=\"col-inner\" style=\"background-color:rgb(0, 69, 124);\" >\n\t\t\t\n\t\t\t\n<div class=\"row row-collapse align-middle\"  id=\"row-1907081514\">\n\n\t<div id=\"col-552377860\" class=\"col medium-12 small-12 large-12\"  >\n\t\t\t\t<div class=\"col-inner text-left\" style=\"background-color:rgb(255, 255, 255);\" >\n\t\t\t\n\t\t\t\n\t<div id=\"text-690132583\" class=\"text\">\n\t\t\n<h2>Appliquez d\u00e8s maintenant !<\/h2>\n<p>Joignez-vous \u00e0 notre \u00e9quipe grandissante !<br \/>\n\t\t\n<style>\n#text-690132583 {\n  text-align: center;\n}\n<\/style>\n\t<\/div>\n\t\n\t<div id=\"gap-1900757976\" class=\"gap-element clearfix\" style=\"display:block; height:auto;\">\n\t\t\n<style>\n#gap-1900757976 {\n  padding-top: 15px;\n}\n<\/style>\n\t<\/div>\n\t\n\n<div class=\"wpcf7 no-js\" id=\"wpcf7-f29150-o1\" lang=\"fr-FR\" dir=\"ltr\" data-wpcf7-id=\"29150\">\n<div class=\"screen-reader-response\"><p role=\"status\" aria-live=\"polite\" aria-atomic=\"true\"><\/p> <ul><\/ul><\/div>\n<form action=\"\/fr\/wp-json\/wp\/v2\/pages\/29121#wpcf7-f29150-o1\" method=\"post\" class=\"wpcf7-form init\" aria-label=\"Formulaire de contact\" enctype=\"multipart\/form-data\" novalidate=\"novalidate\" data-status=\"init\">\n<fieldset class=\"hidden-fields-container\"><input type=\"hidden\" name=\"_wpcf7\" value=\"29150\" \/><input type=\"hidden\" name=\"_wpcf7_version\" value=\"6.1.5\" \/><input type=\"hidden\" name=\"_wpcf7_locale\" value=\"fr_FR\" \/><input type=\"hidden\" name=\"_wpcf7_unit_tag\" value=\"wpcf7-f29150-o1\" \/><input type=\"hidden\" name=\"_wpcf7_container_post\" value=\"0\" \/><input type=\"hidden\" name=\"_wpcf7_posted_data_hash\" value=\"\" \/><input type=\"hidden\" name=\"_wpcf7_recaptcha_response\" value=\"\" \/>\n<\/fieldset>\n<div class=\"form-flat\">\n\t<p><span class=\"wpcf7-form-control-wrap\" data-name=\"your-name\"><input size=\"40\" maxlength=\"400\" class=\"wpcf7-form-control wpcf7-text wpcf7-validates-as-required\" aria-required=\"true\" aria-invalid=\"false\" placeholder=\"Nom complet*\" value=\"\" type=\"text\" name=\"your-name\" \/><\/span><br \/>\n<span class=\"wpcf7-form-control-wrap\" data-name=\"your-email\"><input size=\"40\" maxlength=\"400\" class=\"wpcf7-form-control wpcf7-email wpcf7-validates-as-required wpcf7-text wpcf7-validates-as-email\" aria-required=\"true\" aria-invalid=\"false\" placeholder=\"E-Mail*\" value=\"\" type=\"email\" name=\"your-email\" \/><\/span><br \/>\n<span class=\"wpcf7-form-control-wrap\" data-name=\"your-tel\"><input size=\"40\" maxlength=\"400\" class=\"wpcf7-form-control wpcf7-tel wpcf7-text wpcf7-validates-as-tel\" aria-invalid=\"false\" placeholder=\"T\u00e9l\u00e9phone\" value=\"\" type=\"tel\" name=\"your-tel\" \/><\/span>\n\t<\/p>\n\t<p>S\u00e9lectionnez votre domaine d'int\u00e9r\u00eat principal*<br \/>\n<span class=\"wpcf7-form-control-wrap\" data-name=\"your-Interest\"><select class=\"wpcf7-form-control wpcf7-select wpcf7-validates-as-required\" aria-required=\"true\" aria-invalid=\"false\" name=\"your-Interest\"><option value=\"\">-Veuillez choisir une option-<\/option><option value=\"Repr\u00e9sentant des ventes\">Repr\u00e9sentant des ventes<\/option><option value=\"Service \u00e0 la client\u00e8le\">Service \u00e0 la client\u00e8le<\/option><option value=\"La gestion\">La gestion<\/option><option value=\"Entreposage\">Entreposage<\/option><option value=\"informatiques\">informatiques<\/option><option value=\"L&#039;entretien g\u00e9n\u00e9ral\">L&#039;entretien g\u00e9n\u00e9ral<\/option><option value=\"Esth\u00e9ticienne pour les \u00e9v\u00e9nements sp\u00e9ciaux\">Esth\u00e9ticienne pour les \u00e9v\u00e9nements sp\u00e9ciaux<\/option><\/select><\/span>\n\t<\/p>\n\t<p><span class=\"wpcf7-form-control-wrap\" data-name=\"your-message\"><textarea cols=\"40\" rows=\"10\" maxlength=\"2000\" class=\"wpcf7-form-control wpcf7-textarea\" aria-invalid=\"false\" placeholder=\"Informations Compl\u00e9mentaires\" name=\"your-message\"><\/textarea><\/span>\n\t<\/p>\n\t<p>Joignez votre CV* <i>(types de fichiers: pdf, doc, docx) (max: 2mb)<\/i><br \/>\n<span class=\"wpcf7-form-control-wrap\" data-name=\"your-resume\"><input size=\"40\" class=\"wpcf7-form-control wpcf7-file wpcf7-validates-as-required\" accept=\".pdf,.doc,.docx\" aria-required=\"true\" aria-invalid=\"false\" type=\"file\" name=\"your-resume\" \/><\/span>\n\t<\/p>\n\t<p><input class=\"wpcf7-form-control wpcf7-submit has-spinner button\" type=\"submit\" value=\"Soumettre\" \/>\n\t<\/p>\n<\/div><p style=\"display: none !important;\" class=\"akismet-fields-container\" data-prefix=\"_wpcf7_ak_\"><label>&#916;<textarea name=\"_wpcf7_ak_hp_textarea\" cols=\"45\" rows=\"8\" maxlength=\"100\"><\/textarea><\/label><input type=\"hidden\" id=\"ak_js_1\" name=\"_wpcf7_ak_js\" value=\"20\"\/><script>document.getElementById( \"ak_js_1\" ).setAttribute( \"value\", ( new Date() ).getTime() );<\/script><\/p><div class=\"wpcf7-response-output\" aria-hidden=\"true\"><\/div>\n<\/form>\n<\/div>\n\n\t\t<\/div>\n\t\t\t\t\n<style>\n#col-552377860 > .col-inner {\n  padding: 30px 30px 30px 30px;\n}\n@media (min-width:550px) {\n  #col-552377860 > .col-inner {\n    padding: 70px 70px 50px 70px;\n  }\n}\n<\/style>\n\t<\/div>\n\n\t\n<\/div>\n\t\t<\/div>\n\t\t\t\t\t<\/div>\n\n\t\n<\/div>\n\t\t<\/div>\n\n\t\t\n<style>\n#section_377193606 {\n  padding-top: 45px;\n  padding-bottom: 45px;\n}\n@media (min-width:550px) {\n  #section_377193606 {\n    padding-top: 60px;\n    padding-bottom: 60px;\n  }\n}\n@media (min-width:850px) {\n  #section_377193606 {\n    padding-top: 0px;\n    padding-bottom: 0px;\n  }\n}\n<\/style>\n\t<\/section>\n\t\n\n\t<section class=\"section\" id=\"section_1480413927\">\n\t\t<div class=\"section-bg fill\" >\n\t\t\t\t\t\t\t\t\t\n\t\t\t\n\n\t\t<\/div>\n\n\t\t\n\n\t\t<div class=\"section-content relative\">\n\t\t\t\n<div class=\"row\"  id=\"row-85059639\">\n\n\t<div id=\"col-4178064\" class=\"col medium-4 small-12 large-4\"  >\n\t\t\t\t<div class=\"col-inner\"  >\n\t\t\t\n\t\t\t\n\t<div id=\"gap-530097219\" class=\"gap-element clearfix hide-for-medium\" style=\"display:block; height:auto;\">\n\t\t\n<style>\n#gap-530097219 {\n  padding-top: 10px;\n}\n<\/style>\n\t<\/div>\n\t\n\t<div id=\"text-2630135357\" class=\"text\">\n\t\t\n<h3>\u00c9galit\u00e9 des chances pour l&#8217;emploi<\/h3>\n\t\t\n<style>\n#text-2630135357 {\n  font-size: 1.75rem;\n  line-height: 1.25;\n}\n@media (min-width:850px) {\n  #text-2630135357 {\n    line-height: 1.15;\n  }\n}\n<\/style>\n\t<\/div>\n\t\n\t\t<\/div>\n\t\t\t\t\n<style>\n#col-4178064 > .col-inner {\n  margin: 0px 0px -20px 0px;\n}\n<\/style>\n\t<\/div>\n\n\t\n\n\t<div id=\"col-1340182914\" class=\"col medium-8 small-12 large-8\"  >\n\t\t\t\t<div class=\"col-inner\"  >\n\t\t\t\n\t\t\t\n<p>L&rsquo;\u00e9galit\u00e9 des chances en mati\u00e8re d&#8217;emploi est offerte \u00e0 tous les employ\u00e9s et candidats \u00e0 l&#8217;emploi sans distinction de race, de couleur, de sexe, de religion, d&rsquo;origine nationale, d&rsquo;\u00e2ge, de statut d&rsquo;ancien combattant, de grossesse, d&rsquo;accouchement ou de condition m\u00e9dicale connexe, de handicap physique ou mental, de maladie, de par son orientation sexuelle, sa citoyennet\u00e9, son statut matrimonial, d&rsquo;identit\u00e9 et\/ou d&rsquo;expression de genre, ou tout autre facteur que la loi prot\u00e8ge contre la discrimination en mati\u00e8re d&#8217;emploi.<\/p>\n<p>Toutes les d\u00e9cisions d&#8217;emploi sont bas\u00e9es sur les besoins de l&rsquo;entreprise, les exigences du poste et les qualifications individuelles.<\/p>\n\t\t<\/div>\n\t\t\t\t\t<\/div>\n\n\t\n<\/div>\n\t\t<\/div>\n\n\t\t\n<style>\n#section_1480413927 {\n  padding-top: 30px;\n  padding-bottom: 30px;\n}\n<\/style>\n\t<\/section>\n\t\n","protected":false},"excerpt":{"rendered":"","protected":false},"author":2,"featured_media":0,"parent":0,"menu_order":0,"comment_status":"closed","ping_status":"closed","template":"page-blank.php","meta":{"footnotes":""},"class_list":["post-29121","page","type-page","status-publish","hentry"],"yoast_head":"<!-- This site is optimized with the Yoast SEO plugin v27.3 - https:\/\/yoast.com\/product\/yoast-seo-wordpress\/ -->\n<title>Carri\u00e8res | Derme&amp;Co.<\/title>\n<meta name=\"description\" content=\"Derme&amp;Co., c\u2019est un monde de possibilit\u00e9s de carri\u00e8res. C\u2019est un environnement de travail passionnant et challengeant qui vous permettra de vous d\u00e9velopper et d\u2019appliquer vos comp\u00e9tences.\" \/>\n<meta name=\"robots\" content=\"index, follow, max-snippet:-1, max-image-preview:large, max-video-preview:-1\" \/>\n<link rel=\"canonical\" href=\"https:\/\/dermeco.com\/fr\/carrieres\/\" \/>\n<meta property=\"og:locale\" content=\"fr_FR\" \/>\n<meta property=\"og:type\" content=\"article\" \/>\n<meta property=\"og:title\" content=\"Carri\u00e8res | Derme&amp;Co.\" \/>\n<meta property=\"og:description\" content=\"Derme&amp;Co., c\u2019est un monde de possibilit\u00e9s de carri\u00e8res. C\u2019est un environnement de travail passionnant et challengeant qui vous permettra de vous d\u00e9velopper et d\u2019appliquer vos comp\u00e9tences.\" \/>\n<meta property=\"og:url\" content=\"https:\/\/dermeco.com\/fr\/carrieres\/\" \/>\n<meta property=\"og:site_name\" content=\"Derme&amp;Co.\" \/>\n<meta property=\"article:publisher\" content=\"https:\/\/www.facebook.com\/dermeco\/\" \/>\n<meta property=\"article:modified_time\" content=\"2023-11-23T18:01:52+00:00\" \/>\n<meta property=\"og:image\" content=\"https:\/\/dermeco.com\/wp-content\/uploads\/2019\/08\/icon.jpg\" \/>\n\t<meta property=\"og:image:width\" content=\"512\" \/>\n\t<meta property=\"og:image:height\" content=\"512\" \/>\n\t<meta property=\"og:image:type\" content=\"image\/jpeg\" \/>\n<meta name=\"twitter:card\" content=\"summary_large_image\" \/>\n<script type=\"application\/ld+json\" class=\"yoast-schema-graph\">{\"@context\":\"https:\\\/\\\/schema.org\",\"@graph\":[{\"@type\":\"WebPage\",\"@id\":\"https:\\\/\\\/dermeco.com\\\/fr\\\/carrieres\\\/\",\"url\":\"https:\\\/\\\/dermeco.com\\\/fr\\\/carrieres\\\/\",\"name\":\"Carri\u00e8res | Derme&amp;Co.\",\"isPartOf\":{\"@id\":\"https:\\\/\\\/dermeco.com\\\/fr\\\/#website\"},\"datePublished\":\"2022-01-19T18:55:25+00:00\",\"dateModified\":\"2023-11-23T18:01:52+00:00\",\"description\":\"Derme&Co., c\u2019est un monde de possibilit\u00e9s de carri\u00e8res. C\u2019est un environnement de travail passionnant et challengeant qui vous permettra de vous d\u00e9velopper et d\u2019appliquer vos comp\u00e9tences.\",\"breadcrumb\":{\"@id\":\"https:\\\/\\\/dermeco.com\\\/fr\\\/carrieres\\\/#breadcrumb\"},\"inLanguage\":\"fr-FR\",\"potentialAction\":[{\"@type\":\"ReadAction\",\"target\":[\"https:\\\/\\\/dermeco.com\\\/fr\\\/carrieres\\\/\"]}]},{\"@type\":\"BreadcrumbList\",\"@id\":\"https:\\\/\\\/dermeco.com\\\/fr\\\/carrieres\\\/#breadcrumb\",\"itemListElement\":[{\"@type\":\"ListItem\",\"position\":1,\"name\":\"Home\",\"item\":\"https:\\\/\\\/dermeco.com\\\/fr\\\/\"},{\"@type\":\"ListItem\",\"position\":2,\"name\":\"Carri\u00e8res\"}]},{\"@type\":\"WebSite\",\"@id\":\"https:\\\/\\\/dermeco.com\\\/fr\\\/#website\",\"url\":\"https:\\\/\\\/dermeco.com\\\/fr\\\/\",\"name\":\"Derme&amp;Co.\",\"description\":\"Everything for your Spa and Medical Spa.\",\"publisher\":{\"@id\":\"https:\\\/\\\/dermeco.com\\\/fr\\\/#organization\"},\"alternateName\":\"Derme\",\"potentialAction\":[{\"@type\":\"SearchAction\",\"target\":{\"@type\":\"EntryPoint\",\"urlTemplate\":\"https:\\\/\\\/dermeco.com\\\/fr\\\/?s={search_term_string}\"},\"query-input\":{\"@type\":\"PropertyValueSpecification\",\"valueRequired\":true,\"valueName\":\"search_term_string\"}}],\"inLanguage\":\"fr-FR\"},{\"@type\":\"Organization\",\"@id\":\"https:\\\/\\\/dermeco.com\\\/fr\\\/#organization\",\"name\":\"Derme&Co.\",\"alternateName\":\"Derme and Company\",\"url\":\"https:\\\/\\\/dermeco.com\\\/fr\\\/\",\"logo\":{\"@type\":\"ImageObject\",\"inLanguage\":\"fr-FR\",\"@id\":\"https:\\\/\\\/dermeco.com\\\/fr\\\/#\\\/schema\\\/logo\\\/image\\\/\",\"url\":\"https:\\\/\\\/dermeco.com\\\/wp-content\\\/uploads\\\/2019\\\/08\\\/icon.jpg\",\"contentUrl\":\"https:\\\/\\\/dermeco.com\\\/wp-content\\\/uploads\\\/2019\\\/08\\\/icon.jpg\",\"width\":512,\"height\":512,\"caption\":\"Derme&Co.\"},\"image\":{\"@id\":\"https:\\\/\\\/dermeco.com\\\/fr\\\/#\\\/schema\\\/logo\\\/image\\\/\"},\"sameAs\":[\"https:\\\/\\\/www.facebook.com\\\/dermeco\\\/\",\"https:\\\/\\\/www.linkedin.com\\\/company\\\/dermeco\",\"https:\\\/\\\/www.youtube.com\\\/user\\\/derme8282\"]}]}<\/script>\n<!-- \/ Yoast SEO plugin. -->","yoast_head_json":{"title":"Carri\u00e8res | Derme&amp;Co.","description":"Derme&Co., c\u2019est un monde de possibilit\u00e9s de carri\u00e8res. C\u2019est un environnement de travail passionnant et challengeant qui vous permettra de vous d\u00e9velopper et d\u2019appliquer vos comp\u00e9tences.","robots":{"index":"index","follow":"follow","max-snippet":"max-snippet:-1","max-image-preview":"max-image-preview:large","max-video-preview":"max-video-preview:-1"},"canonical":"https:\/\/dermeco.com\/fr\/carrieres\/","og_locale":"fr_FR","og_type":"article","og_title":"Carri\u00e8res | Derme&amp;Co.","og_description":"Derme&Co., c\u2019est un monde de possibilit\u00e9s de carri\u00e8res. C\u2019est un environnement de travail passionnant et challengeant qui vous permettra de vous d\u00e9velopper et d\u2019appliquer vos comp\u00e9tences.","og_url":"https:\/\/dermeco.com\/fr\/carrieres\/","og_site_name":"Derme&amp;Co.","article_publisher":"https:\/\/www.facebook.com\/dermeco\/","article_modified_time":"2023-11-23T18:01:52+00:00","og_image":[{"width":512,"height":512,"url":"https:\/\/dermeco.com\/wp-content\/uploads\/2019\/08\/icon.jpg","type":"image\/jpeg"}],"twitter_card":"summary_large_image","schema":{"@context":"https:\/\/schema.org","@graph":[{"@type":"WebPage","@id":"https:\/\/dermeco.com\/fr\/carrieres\/","url":"https:\/\/dermeco.com\/fr\/carrieres\/","name":"Carri\u00e8res | Derme&amp;Co.","isPartOf":{"@id":"https:\/\/dermeco.com\/fr\/#website"},"datePublished":"2022-01-19T18:55:25+00:00","dateModified":"2023-11-23T18:01:52+00:00","description":"Derme&Co., c\u2019est un monde de possibilit\u00e9s de carri\u00e8res. C\u2019est un environnement de travail passionnant et challengeant qui vous permettra de vous d\u00e9velopper et d\u2019appliquer vos comp\u00e9tences.","breadcrumb":{"@id":"https:\/\/dermeco.com\/fr\/carrieres\/#breadcrumb"},"inLanguage":"fr-FR","potentialAction":[{"@type":"ReadAction","target":["https:\/\/dermeco.com\/fr\/carrieres\/"]}]},{"@type":"BreadcrumbList","@id":"https:\/\/dermeco.com\/fr\/carrieres\/#breadcrumb","itemListElement":[{"@type":"ListItem","position":1,"name":"Home","item":"https:\/\/dermeco.com\/fr\/"},{"@type":"ListItem","position":2,"name":"Carri\u00e8res"}]},{"@type":"WebSite","@id":"https:\/\/dermeco.com\/fr\/#website","url":"https:\/\/dermeco.com\/fr\/","name":"Derme&amp;Co.","description":"Everything for your Spa and Medical Spa.","publisher":{"@id":"https:\/\/dermeco.com\/fr\/#organization"},"alternateName":"Derme","potentialAction":[{"@type":"SearchAction","target":{"@type":"EntryPoint","urlTemplate":"https:\/\/dermeco.com\/fr\/?s={search_term_string}"},"query-input":{"@type":"PropertyValueSpecification","valueRequired":true,"valueName":"search_term_string"}}],"inLanguage":"fr-FR"},{"@type":"Organization","@id":"https:\/\/dermeco.com\/fr\/#organization","name":"Derme&Co.","alternateName":"Derme and Company","url":"https:\/\/dermeco.com\/fr\/","logo":{"@type":"ImageObject","inLanguage":"fr-FR","@id":"https:\/\/dermeco.com\/fr\/#\/schema\/logo\/image\/","url":"https:\/\/dermeco.com\/wp-content\/uploads\/2019\/08\/icon.jpg","contentUrl":"https:\/\/dermeco.com\/wp-content\/uploads\/2019\/08\/icon.jpg","width":512,"height":512,"caption":"Derme&Co."},"image":{"@id":"https:\/\/dermeco.com\/fr\/#\/schema\/logo\/image\/"},"sameAs":["https:\/\/www.facebook.com\/dermeco\/","https:\/\/www.linkedin.com\/company\/dermeco","https:\/\/www.youtube.com\/user\/derme8282"]}]}},"_links":{"self":[{"href":"https:\/\/dermeco.com\/fr\/wp-json\/wp\/v2\/pages\/29121","targetHints":{"allow":["GET"]}}],"collection":[{"href":"https:\/\/dermeco.com\/fr\/wp-json\/wp\/v2\/pages"}],"about":[{"href":"https:\/\/dermeco.com\/fr\/wp-json\/wp\/v2\/types\/page"}],"author":[{"embeddable":true,"href":"https:\/\/dermeco.com\/fr\/wp-json\/wp\/v2\/users\/2"}],"replies":[{"embeddable":true,"href":"https:\/\/dermeco.com\/fr\/wp-json\/wp\/v2\/comments?post=29121"}],"version-history":[{"count":0,"href":"https:\/\/dermeco.com\/fr\/wp-json\/wp\/v2\/pages\/29121\/revisions"}],"wp:attachment":[{"href":"https:\/\/dermeco.com\/fr\/wp-json\/wp\/v2\/media?parent=29121"}],"curies":[{"name":"wp","href":"https:\/\/api.w.org\/{rel}","templated":true}]}}