{"id":29125,"date":"2022-01-21T18:25:17","date_gmt":"2022-01-21T23:25:17","guid":{"rendered":"https:\/\/dermeb2b.wpengine.com\/politiques\/refund_returns\/"},"modified":"2022-03-03T15:26:48","modified_gmt":"2022-03-03T20:26:48","slug":"remboursement-retour","status":"publish","type":"page","link":"https:\/\/dermeco.com\/fr\/politiques\/remboursement-retour\/","title":{"rendered":"Politique de Remboursement et de Retour"},"content":{"rendered":"\n\t<section class=\"section\" id=\"section_1979795700\">\n\t\t<div class=\"section-bg fill\" >\n\t\t\t\t\t\t\t\t\t\n\t\t\t\n\n\t\t<\/div>\n\n\t\t\n\n\t\t<div class=\"section-content relative\">\n\t\t\t\n<div class=\"row align-center\"  id=\"row-1901709879\">\n\n\t<div id=\"col-401795631\" class=\"col medium-7 small-12 large-7\"  >\n\t\t\t\t<div class=\"col-inner text-center\"  >\n\t\t\t\n\t\t\t\n\t<div id=\"gap-690073065\" class=\"gap-element clearfix\" style=\"display:block; height:auto;\">\n\t\t\n<style>\n#gap-690073065 {\n  padding-top: 40px;\n}\n<\/style>\n\t<\/div>\n\t\n<h1><span style=\"font-size: 140%;\">Politique de Remboursement et de Retour<\/span><\/h1>\n<h6 class=\"thin-font uppercase\"><span style=\"font-size: 80%;\">Partenaire d\u2019affaires pour votre succ\u00e8s<\/span><\/h6>\n<div class=\"is-divider divider clearfix\" style=\"max-width:60px;\"><\/div>\n\t\t<\/div>\n\t\t\t\t\t<\/div>\n\n\t\n<\/div>\n\t\t<\/div>\n\n\t\t\n<style>\n#section_1979795700 {\n  padding-top: 30px;\n  padding-bottom: 30px;\n}\n<\/style>\n\t<\/section>\n\t\n<div class=\"row\"  id=\"row-228996279\">\n\n\t<div id=\"col-1106998632\" class=\"col small-12 large-12\"  >\n\t\t\t\t<div class=\"col-inner\"  >\n\t\t\t\n\t\t\t\n<p><strong>[7774672 Canada Inc.] appel\u00e9 Derme&amp;Co.<\/strong><\/p>\n<h5 class=\"uppercase\">Aper\u00e7u<\/h5>\n<p>Notre politique de remboursement et de retour dure 30 jours. Si plus de 30 jours se sont \u00e9coul\u00e9s depuis votre achat, nous ne pouvons pas vous offrir un remboursement complet ou un \u00e9change. Pour \u00eatre admissible \u00e0 un retour, votre article doit \u00eatre inutilis\u00e9 et dans le m\u00eame \u00e9tat que vous l&rsquo;avez re\u00e7u. Il doit \u00e9galement \u00eatre dans l&#8217;emballage d&rsquo;origine.<\/p>\n<p>Plusieurs types de marchandises sont exempt\u00e9es de retour. Les denr\u00e9es p\u00e9rissables telles que la nourriture, les fleurs, les journaux ou les magazines ne peuvent pas \u00eatre retourn\u00e9es. Nous n&rsquo;acceptons pas non plus les produits qui sont des articles intimes ou sanitaires, des mati\u00e8res dangereuses ou des liquides ou gaz inflammables.<\/p>\n<p>Articles suppl\u00e9mentaires non retournables :<\/p>\n<ul>\n<li>Cartes cadeaux<\/li>\n<li>Logiciels t\u00e9l\u00e9chargeables<\/li>\n<li>Certains articles de sant\u00e9 et de soins personnels<\/li>\n<\/ul>\n<p>Pour compl\u00e9ter votre retour, nous avons besoin d&rsquo;un re\u00e7u ou d&rsquo;une preuve d&rsquo;achat. Veuillez ne pas renvoyer votre achat au fabricant.<\/p>\n<p>Il existe certaines situations o\u00f9 seuls des remboursements partiels sont accord\u00e9s :<\/p>\n<ul>\n<li>Livre avec des signes \u00e9vidents d&rsquo;utilisation<\/li>\n<li>CD, DVD, cassette VHS, logiciel, jeu vid\u00e9o, cassette ou disque vinyle qui ont \u00e9t\u00e9 ouverts.<\/li>\n<li>Tout article qui n&rsquo;est pas dans son \u00e9tat d&rsquo;origine, est endommag\u00e9 ou avec des pi\u00e8ces manquantes dont nous ne sommes pas responsables.<\/li>\n<li>Tout article retourn\u00e9 plus de 30 jours apr\u00e8s la livraison<\/li>\n<\/ul>\n<h5 class=\"uppercase\">Remboursements<\/h5>\n<p>Une fois votre retour re\u00e7u et inspect\u00e9, nous vous enverrons un e-mail pour vous informer que nous avons re\u00e7u votre article retourn\u00e9. Nous vous informerons \u00e9galement de l&rsquo;approbation ou du rejet de votre remboursement.<\/p>\n<p>Si la demande est approuv\u00e9e, le remboursement sera trait\u00e9 et un cr\u00e9dit sera automatiquement appliqu\u00e9 \u00e0 votre carte de cr\u00e9dit ou suivant le mode de paiement utilis\u00e9. Selon l\u2019institution bancaire, un nombre de jours raisonnable doit \u00eatre pris en compte.<\/p>\n<p><strong>Remboursements en retard ou manquants<\/strong><\/p>\n<p>Si vous n&rsquo;avez pas encore re\u00e7u de remboursement, v\u00e9rifiez d&rsquo;abord \u00e0 nouveau votre compte bancaire. Contactez ensuite votre compagnie de carte de cr\u00e9dit, cela peut prendre un certain temps avant que votre remboursement ne soit officiellement affich\u00e9. Contactez ensuite votre banque. Il y a souvent un certain temps de traitement avant qu&rsquo;un remboursement ne soit affich\u00e9.<\/p>\n<p>Si vous avez fait tout cela et que vous n&rsquo;avez toujours pas re\u00e7u votre remboursement, veuillez nous contacter.<\/p>\n<p><strong>Vendre des articles<\/strong><\/p>\n<p>Seuls les articles \u00e0 prix r\u00e9gulier peuvent \u00eatre rembours\u00e9s. Les articles sold\u00e9s ne peuvent pas \u00eatre rembours\u00e9s.<\/p>\n<h5 class=\"uppercase\">\u00c9changes<\/h5>\n<p>Nous ne rempla\u00e7ons les articles que s&rsquo;ils sont d\u00e9fectueux ou endommag\u00e9s. Si vous avez besoin de l&rsquo;\u00e9changer contre le m\u00eame article, envoyez-nous un e-mail\u00a0 et envoyez votre article.<\/p>\n<h5 class=\"uppercase\">Cadeaux<\/h5>\n<p>Si l&rsquo;article a \u00e9t\u00e9 marqu\u00e9 comme cadeau lors de son achat et qu&rsquo;il vous a \u00e9t\u00e9 exp\u00e9di\u00e9 directement, vous recevrez un cr\u00e9dit-cadeau correspondant \u00e0 la valeur de votre retour. Une fois l&rsquo;article retourn\u00e9 re\u00e7u, un ch\u00e8que-cadeau vous sera envoy\u00e9 par la poste.<\/p>\n<p>Si l&rsquo;article n&rsquo;a pas \u00e9t\u00e9 marqu\u00e9 comme cadeau lors de l&rsquo;achat, ou si le donateur s&rsquo;est fait exp\u00e9dier la commande pour vous la donner plus tard, nous enverrons un remboursement \u00e0 l\u2019acheteur.<\/p>\n<h5 class=\"uppercase\">Exp\u00e9dition &amp; retours<\/h5>\n<p>Pour retourner votre produit, vous devez envoyer le produit \u00e0 notre adresse indiqu\u00e9e ci-dessous.<\/p>\n<p>Vous serez responsable de payer les frais d&rsquo;exp\u00e9dition pour le retour de votre article. Les frais d&rsquo;exp\u00e9dition ne sont pas remboursables. Si vous recevez un remboursement, les frais de retour seront d\u00e9duits de votre remboursement.<\/p>\n<p>Selon l&rsquo;endroit o\u00f9 vous habitez, le temps n\u00e9cessaire pour recevoir le produit \u00e9chang\u00e9 peut varier.<\/p>\n<p>Selon le prix des articles retourn\u00e9s, vous pouvez envisager d&rsquo;utiliser un service d&rsquo;exp\u00e9dition tra\u00e7able ou de souscrire une assurance d&rsquo;exp\u00e9dition. L\u2019exp\u00e9dition et le transport \u00e9tant en dehors de notre comp\u00e9tence, nous ne garantissons pas que nous recevrons votre article.<\/p>\n<p>Si vous avez des questions concernant cette politique, veuillez les envoyer \u00e0 :<\/p>\n\t\t<\/div>\n\t\t\t\t\t<\/div>\n\n\t\n<\/div>\n<p><strong>Derme&amp;Co.<\/strong><br \/>\n4930 chemin Bois Franc<br \/>\nSt-Laurent, QC H4S 1A7<br \/>\nCanada<\/p>\n<p>T\u00e9l\u00e9phone: <a href=\"tel:+15143338282\">+1 (514) 333-8282<\/a><br \/>\nSans-frais: <a href=\"tel:18002638888\">1 800-263-8888<\/a><br \/>\nFax: +1 (514) 333-4008<\/p>\n<div class=\"social-icons follow-icons\" ><a href=\"https:\/\/www.facebook.com\/dermeco\/\" target=\"_blank\" data-label=\"Facebook\" class=\"icon button circle is-outline tooltip facebook\" title=\"Nous suivre sur Facebook\" aria-label=\"Nous suivre sur Facebook\" rel=\"noopener nofollow\"><i class=\"icon-facebook\" aria-hidden=\"true\"><\/i><\/a><a href=\"mailto:info@dermeco.com\" data-label=\"E-mail\" target=\"_blank\" class=\"icon button circle is-outline tooltip email\" title=\"Nous envoyer un email\" aria-label=\"Nous envoyer un email\" rel=\"nofollow noopener\"><i class=\"icon-envelop\" aria-hidden=\"true\"><\/i><\/a><a href=\"https:\/\/www.linkedin.com\/company\/dermeco\" data-label=\"LinkedIn\" target=\"_blank\" class=\"icon button circle is-outline tooltip linkedin\" title=\"Nous suivre sur Linkedin\" aria-label=\"Nous suivre sur Linkedin\" rel=\"noopener nofollow\"><i class=\"icon-linkedin\" aria-hidden=\"true\"><\/i><\/a><a href=\"https:\/\/www.youtube.com\/user\/derme8282\" data-label=\"YouTube\" target=\"_blank\" class=\"icon button circle is-outline tooltip youtube\" title=\"Nous suivre sur Youtube\" aria-label=\"Nous suivre sur Youtube\" rel=\"noopener nofollow\"><i class=\"icon-youtube\" aria-hidden=\"true\"><\/i><\/a><\/div>\n","protected":false},"excerpt":{"rendered":"","protected":false},"author":1,"featured_media":0,"parent":27788,"menu_order":0,"comment_status":"closed","ping_status":"closed","template":"","meta":{"footnotes":""},"class_list":["post-29125","page","type-page","status-publish","hentry"],"yoast_head":"<!-- This site is optimized with the Yoast SEO plugin v27.5 - https:\/\/yoast.com\/product\/yoast-seo-wordpress\/ -->\n<title>Politique de Remboursement et de Retour | Derme&amp;Co.<\/title>\n<meta name=\"robots\" content=\"index, follow, max-snippet:-1, max-image-preview:large, max-video-preview:-1\" \/>\n<link rel=\"canonical\" href=\"https:\/\/dermeco.com\/fr\/politiques\/remboursement-retour\/\" \/>\n<meta property=\"og:locale\" content=\"fr_FR\" \/>\n<meta property=\"og:type\" content=\"article\" \/>\n<meta property=\"og:title\" content=\"Politique de Remboursement et de Retour | Derme&amp;Co.\" \/>\n<meta property=\"og:url\" content=\"https:\/\/dermeco.com\/fr\/politiques\/remboursement-retour\/\" \/>\n<meta property=\"og:site_name\" content=\"Derme&amp;Co.\" \/>\n<meta property=\"article:publisher\" content=\"https:\/\/www.facebook.com\/dermeco\/\" \/>\n<meta property=\"article:modified_time\" content=\"2022-03-03T20:26:48+00:00\" \/>\n<meta property=\"og:image\" content=\"https:\/\/dermeco.com\/wp-content\/uploads\/2019\/08\/icon.jpg\" \/>\n\t<meta property=\"og:image:width\" content=\"512\" \/>\n\t<meta property=\"og:image:height\" content=\"512\" \/>\n\t<meta property=\"og:image:type\" content=\"image\/jpeg\" \/>\n<meta name=\"twitter:card\" content=\"summary_large_image\" \/>\n<script type=\"application\/ld+json\" class=\"yoast-schema-graph\">{\"@context\":\"https:\\\/\\\/schema.org\",\"@graph\":[{\"@type\":\"WebPage\",\"@id\":\"https:\\\/\\\/dermeco.com\\\/fr\\\/politiques\\\/remboursement-retour\\\/\",\"url\":\"https:\\\/\\\/dermeco.com\\\/fr\\\/politiques\\\/remboursement-retour\\\/\",\"name\":\"Politique de Remboursement et de Retour | Derme&amp;Co.\",\"isPartOf\":{\"@id\":\"https:\\\/\\\/dermeco.com\\\/fr\\\/#website\"},\"datePublished\":\"2022-01-21T23:25:17+00:00\",\"dateModified\":\"2022-03-03T20:26:48+00:00\",\"breadcrumb\":{\"@id\":\"https:\\\/\\\/dermeco.com\\\/fr\\\/politiques\\\/remboursement-retour\\\/#breadcrumb\"},\"inLanguage\":\"fr-FR\",\"potentialAction\":[{\"@type\":\"ReadAction\",\"target\":[\"https:\\\/\\\/dermeco.com\\\/fr\\\/politiques\\\/remboursement-retour\\\/\"]}]},{\"@type\":\"BreadcrumbList\",\"@id\":\"https:\\\/\\\/dermeco.com\\\/fr\\\/politiques\\\/remboursement-retour\\\/#breadcrumb\",\"itemListElement\":[{\"@type\":\"ListItem\",\"position\":1,\"name\":\"Home\",\"item\":\"https:\\\/\\\/dermeco.com\\\/fr\\\/\"},{\"@type\":\"ListItem\",\"position\":2,\"name\":\"Politiques\",\"item\":\"https:\\\/\\\/dermeco.com\\\/fr\\\/politiques\\\/\"},{\"@type\":\"ListItem\",\"position\":3,\"name\":\"Politique de Remboursement et de Retour\"}]},{\"@type\":\"WebSite\",\"@id\":\"https:\\\/\\\/dermeco.com\\\/fr\\\/#website\",\"url\":\"https:\\\/\\\/dermeco.com\\\/fr\\\/\",\"name\":\"Derme&amp;Co.\",\"description\":\"Everything for your Spa and Medical Spa.\",\"publisher\":{\"@id\":\"https:\\\/\\\/dermeco.com\\\/fr\\\/#organization\"},\"alternateName\":\"Derme\",\"potentialAction\":[{\"@type\":\"SearchAction\",\"target\":{\"@type\":\"EntryPoint\",\"urlTemplate\":\"https:\\\/\\\/dermeco.com\\\/fr\\\/?s={search_term_string}\"},\"query-input\":{\"@type\":\"PropertyValueSpecification\",\"valueRequired\":true,\"valueName\":\"search_term_string\"}}],\"inLanguage\":\"fr-FR\"},{\"@type\":\"Organization\",\"@id\":\"https:\\\/\\\/dermeco.com\\\/fr\\\/#organization\",\"name\":\"Derme&Co.\",\"alternateName\":\"Derme and Company\",\"url\":\"https:\\\/\\\/dermeco.com\\\/fr\\\/\",\"logo\":{\"@type\":\"ImageObject\",\"inLanguage\":\"fr-FR\",\"@id\":\"https:\\\/\\\/dermeco.com\\\/fr\\\/#\\\/schema\\\/logo\\\/image\\\/\",\"url\":\"https:\\\/\\\/dermeco.com\\\/wp-content\\\/uploads\\\/2019\\\/08\\\/icon.jpg\",\"contentUrl\":\"https:\\\/\\\/dermeco.com\\\/wp-content\\\/uploads\\\/2019\\\/08\\\/icon.jpg\",\"width\":512,\"height\":512,\"caption\":\"Derme&Co.\"},\"image\":{\"@id\":\"https:\\\/\\\/dermeco.com\\\/fr\\\/#\\\/schema\\\/logo\\\/image\\\/\"},\"sameAs\":[\"https:\\\/\\\/www.facebook.com\\\/dermeco\\\/\",\"https:\\\/\\\/www.linkedin.com\\\/company\\\/dermeco\",\"https:\\\/\\\/www.youtube.com\\\/user\\\/derme8282\"]}]}<\/script>\n<!-- \/ Yoast SEO plugin. -->","yoast_head_json":{"title":"Politique de Remboursement et de Retour | Derme&amp;Co.","robots":{"index":"index","follow":"follow","max-snippet":"max-snippet:-1","max-image-preview":"max-image-preview:large","max-video-preview":"max-video-preview:-1"},"canonical":"https:\/\/dermeco.com\/fr\/politiques\/remboursement-retour\/","og_locale":"fr_FR","og_type":"article","og_title":"Politique de Remboursement et de Retour | Derme&amp;Co.","og_url":"https:\/\/dermeco.com\/fr\/politiques\/remboursement-retour\/","og_site_name":"Derme&amp;Co.","article_publisher":"https:\/\/www.facebook.com\/dermeco\/","article_modified_time":"2022-03-03T20:26:48+00:00","og_image":[{"width":512,"height":512,"url":"https:\/\/dermeco.com\/wp-content\/uploads\/2019\/08\/icon.jpg","type":"image\/jpeg"}],"twitter_card":"summary_large_image","schema":{"@context":"https:\/\/schema.org","@graph":[{"@type":"WebPage","@id":"https:\/\/dermeco.com\/fr\/politiques\/remboursement-retour\/","url":"https:\/\/dermeco.com\/fr\/politiques\/remboursement-retour\/","name":"Politique de Remboursement et de Retour | Derme&amp;Co.","isPartOf":{"@id":"https:\/\/dermeco.com\/fr\/#website"},"datePublished":"2022-01-21T23:25:17+00:00","dateModified":"2022-03-03T20:26:48+00:00","breadcrumb":{"@id":"https:\/\/dermeco.com\/fr\/politiques\/remboursement-retour\/#breadcrumb"},"inLanguage":"fr-FR","potentialAction":[{"@type":"ReadAction","target":["https:\/\/dermeco.com\/fr\/politiques\/remboursement-retour\/"]}]},{"@type":"BreadcrumbList","@id":"https:\/\/dermeco.com\/fr\/politiques\/remboursement-retour\/#breadcrumb","itemListElement":[{"@type":"ListItem","position":1,"name":"Home","item":"https:\/\/dermeco.com\/fr\/"},{"@type":"ListItem","position":2,"name":"Politiques","item":"https:\/\/dermeco.com\/fr\/politiques\/"},{"@type":"ListItem","position":3,"name":"Politique de Remboursement et de Retour"}]},{"@type":"WebSite","@id":"https:\/\/dermeco.com\/fr\/#website","url":"https:\/\/dermeco.com\/fr\/","name":"Derme&amp;Co.","description":"Everything for your Spa and Medical Spa.","publisher":{"@id":"https:\/\/dermeco.com\/fr\/#organization"},"alternateName":"Derme","potentialAction":[{"@type":"SearchAction","target":{"@type":"EntryPoint","urlTemplate":"https:\/\/dermeco.com\/fr\/?s={search_term_string}"},"query-input":{"@type":"PropertyValueSpecification","valueRequired":true,"valueName":"search_term_string"}}],"inLanguage":"fr-FR"},{"@type":"Organization","@id":"https:\/\/dermeco.com\/fr\/#organization","name":"Derme&Co.","alternateName":"Derme and Company","url":"https:\/\/dermeco.com\/fr\/","logo":{"@type":"ImageObject","inLanguage":"fr-FR","@id":"https:\/\/dermeco.com\/fr\/#\/schema\/logo\/image\/","url":"https:\/\/dermeco.com\/wp-content\/uploads\/2019\/08\/icon.jpg","contentUrl":"https:\/\/dermeco.com\/wp-content\/uploads\/2019\/08\/icon.jpg","width":512,"height":512,"caption":"Derme&Co."},"image":{"@id":"https:\/\/dermeco.com\/fr\/#\/schema\/logo\/image\/"},"sameAs":["https:\/\/www.facebook.com\/dermeco\/","https:\/\/www.linkedin.com\/company\/dermeco","https:\/\/www.youtube.com\/user\/derme8282"]}]}},"_links":{"self":[{"href":"https:\/\/dermeco.com\/fr\/wp-json\/wp\/v2\/pages\/29125","targetHints":{"allow":["GET"]}}],"collection":[{"href":"https:\/\/dermeco.com\/fr\/wp-json\/wp\/v2\/pages"}],"about":[{"href":"https:\/\/dermeco.com\/fr\/wp-json\/wp\/v2\/types\/page"}],"author":[{"embeddable":true,"href":"https:\/\/dermeco.com\/fr\/wp-json\/wp\/v2\/users\/1"}],"replies":[{"embeddable":true,"href":"https:\/\/dermeco.com\/fr\/wp-json\/wp\/v2\/comments?post=29125"}],"version-history":[{"count":0,"href":"https:\/\/dermeco.com\/fr\/wp-json\/wp\/v2\/pages\/29125\/revisions"}],"up":[{"embeddable":true,"href":"https:\/\/dermeco.com\/fr\/wp-json\/wp\/v2\/pages\/27788"}],"wp:attachment":[{"href":"https:\/\/dermeco.com\/fr\/wp-json\/wp\/v2\/media?parent=29125"}],"curies":[{"name":"wp","href":"https:\/\/api.w.org\/{rel}","templated":true}]}}